{"id":2,"date":"2010-01-18T16:07:17","date_gmt":"2010-01-18T15:07:17","guid":{"rendered":"http:\/\/www.jungclaussen.com\/wpinstdr\/?page_id=2"},"modified":"2026-03-23T15:06:29","modified_gmt":"2026-03-23T14:06:29","slug":"eine-seite","status":"publish","type":"page","link":"https:\/\/www.jungclaussen.com\/","title":{"rendered":"Was kann ich f\u00fcr Sie tun?"},"content":{"rendered":"<ul>\n<li>Spezialist f\u00fcr individuelle Software, systemnahe, verteilte und webbasierte Anwendungen seit 1993<\/li>\n<li>Fullstack Anwendungsentwicklung<\/li>\n<li>Betreuung \u00fcber den gesamten Lebenszyklus ihrer Software von der Analyse \u00fcber die Konzeption bis zur Umsetzung, Einf\u00fchrung und lebenslangen Betreuung<\/li>\n<li>Umfassende Kenntnisse im Bereich Echtzeit-Internetanwendungen<\/li>\n<li>Projektmanagement, Teamleitung und Beratung<\/li>\n<li>HTML\/CSS\/Javascript, TypeScript, SQL, PHP, c#, C\/C++<\/li>\n<\/ul>\n","protected":false},"excerpt":{"rendered":"<p>Spezialist f\u00fcr individuelle Software, systemnahe, verteilte und webbasierte Anwendungen seit 1993 Fullstack Anwendungsentwicklung Betreuung \u00fcber den gesamten Lebenszyklus ihrer Software von der Analyse \u00fcber die Konzeption bis zur Umsetzung, Einf\u00fchrung und lebenslangen Betreuung Umfassende Kenntnisse im Bereich Echtzeit-Internetanwendungen Projektmanagement, Teamleitung und Beratung HTML\/CSS\/Javascript, TypeScript, SQL, PHP, c#, C\/C++<\/p>\n","protected":false},"author":1,"featured_media":0,"parent":0,"menu_order":0,"comment_status":"open","ping_status":"open","template":"","meta":{"footnotes":""},"class_list":["post-2","page","type-page","status-publish","hentry"],"_links":{"self":[{"href":"https:\/\/www.jungclaussen.com\/index.php?rest_route=\/wp\/v2\/pages\/2","targetHints":{"allow":["GET"]}}],"collection":[{"href":"https:\/\/www.jungclaussen.com\/index.php?rest_route=\/wp\/v2\/pages"}],"about":[{"href":"https:\/\/www.jungclaussen.com\/index.php?rest_route=\/wp\/v2\/types\/page"}],"author":[{"embeddable":true,"href":"https:\/\/www.jungclaussen.com\/index.php?rest_route=\/wp\/v2\/users\/1"}],"replies":[{"embeddable":true,"href":"https:\/\/www.jungclaussen.com\/index.php?rest_route=%2Fwp%2Fv2%2Fcomments&post=2"}],"version-history":[{"count":3,"href":"https:\/\/www.jungclaussen.com\/index.php?rest_route=\/wp\/v2\/pages\/2\/revisions"}],"predecessor-version":[{"id":95,"href":"https:\/\/www.jungclaussen.com\/index.php?rest_route=\/wp\/v2\/pages\/2\/revisions\/95"}],"wp:attachment":[{"href":"https:\/\/www.jungclaussen.com\/index.php?rest_route=%2Fwp%2Fv2%2Fmedia&parent=2"}],"curies":[{"name":"wp","href":"https:\/\/api.w.org\/{rel}","templated":true}]}}